{"id":2,"date":"2012-10-16T13:44:53","date_gmt":"2012-10-16T13:44:53","guid":{"rendered":"http:\/\/www.happyday.nu\/?page_id=2"},"modified":"2025-02-24T13:52:54","modified_gmt":"2025-02-24T13:52:54","slug":"sample-page","status":"publish","type":"page","link":"http:\/\/www.happyday.nu\/","title":{"rendered":"V\u00e4lkommen till Varuhuset Happy Day!"},"content":{"rendered":"\r\n<p><a href=\"http:\/\/www.happyday.nu\/wp-content\/uploads\/2012\/10\/Bilder-Rom-och-Bandy-2011-2012-560.jpg\"><img loading=\"lazy\" decoding=\"async\" class=\"alignnone size-full wp-image-8\" title=\"Bilder Rom och Bandy 2011 2012 560\" src=\"http:\/\/www.happyday.nu\/wp-content\/uploads\/2012\/10\/Bilder-Rom-och-Bandy-2011-2012-560.jpg\" alt=\"\" width=\"1936\" height=\"1288\" srcset=\"http:\/\/www.happyday.nu\/wp-content\/uploads\/2012\/10\/Bilder-Rom-och-Bandy-2011-2012-560.jpg 1936w, http:\/\/www.happyday.nu\/wp-content\/uploads\/2012\/10\/Bilder-Rom-och-Bandy-2011-2012-560-300x199.jpg 300w, http:\/\/www.happyday.nu\/wp-content\/uploads\/2012\/10\/Bilder-Rom-och-Bandy-2011-2012-560-1024x681.jpg 1024w, http:\/\/www.happyday.nu\/wp-content\/uploads\/2012\/10\/Bilder-Rom-och-Bandy-2011-2012-560-700x465.jpg 700w, http:\/\/www.happyday.nu\/wp-content\/uploads\/2012\/10\/Bilder-Rom-och-Bandy-2011-2012-560-332x220.jpg 332w\" sizes=\"auto, (max-width: 1936px) 100vw, 1936px\" \/><\/a><\/p>\r\n<div id=\"Gk4WLACmVfLNBNeeySa1E-user-message\" aria-labelledby=\"Gk4WLACmVfLNBNeeySa1E-user-message\">\r\n<div class=\"flex w-full flex-col items-end\" data-content=\"user-message\">Letar du efter den perfekta presenten? Happy Day \u00e4r h\u00e4r f\u00f6r att hj\u00e4lpa dig hitta inspirationen, oavsett om det \u00e4r till jul, br\u00f6llop, f\u00f6delsedagar, mor- och farsdag, avtackningar eller n\u00e4r du bara vill ge en spontan g\u00e5va f\u00f6r att visa din uppskattning.<\/div>\r\n<\/div>\r\n<div data-content=\"ai-message\" aria-labelledby=\"BiXurVbFYi62JTaU2xiaw-author BiXurVbFYi62JTaU2xiaw-content\">\r\n<div id=\"BiXurVbFYi62JTaU2xiaw-content\" class=\"space-y-3 break-words\">\r\n<p>Handla enkelt och bekv\u00e4mt online fr\u00e5n v\u00e5ra handplockade handlare p\u00e5 Happy Day \u2013 din nya favoritgalleria f\u00f6r alla presentk\u00f6p!<\/p>\r\n<p>Eller varf\u00f6r inte unna dig sj\u00e4lv n\u00e5got du verkligen \u00e4r v\u00e4rd? Bes\u00f6k oss idag och uppt\u00e4ck hur vi kan g\u00f6ra varje dag till en Happy Day!<br \/><br \/><strong>Vad vill du handla?<\/strong><br \/><br \/><strong><a href=\"https:\/\/www.happyday.nu\/?page_id=878\">H\u00e4lsa och sk\u00f6nhet<\/a><\/strong><br \/><br \/><strong><a href=\"https:\/\/www.happyday.nu\/?page_id=900\">Hem och tr\u00e4dg\u00e5rd<\/a><\/strong><\/p>\r\n<p><strong><a href=\"https:\/\/www.happyday.nu\/?page_id=87\">Presenter<\/a><\/strong><\/p>\r\n<p><a href=\"https:\/\/www.happyday.nu\/?page_id=531\"><strong>Resa<\/strong><\/a>\u00a0\u00a0<br \/><br \/><strong><a href=\"https:\/\/www.happyday.nu\/?page_id=902\">Sport och fritid<\/a><\/strong><br \/><br \/><strong><a href=\"https:\/\/www.happyday.nu\/?page_id=687\">B\u00f6cker, tidningar, digitala ljudb\u00f6cker, digitala nyheter m m?<\/a><\/strong><\/p>\r\n<\/div>\r\n<\/div>\r\n<p><strong><a href=\"https:\/\/www.happyday.nu\/?page_id=498\">Dator, mobil, it,\u00a0 spel och produkter<\/a><br \/><br \/><a href=\"https:\/\/www.happyday.nu\/?page_id=52\">Barn &#8211; lek, leksaker och upplevelser<\/a><br \/><br \/><br \/>A<\/strong><\/p>\r\n<p><strong><!-- START ADVERTISER: from tradedoubler.com --><!-- END ADVERTISER: from tradedoubler.com --><\/strong><\/p>\r\n<p><strong><a title=\"Adlibris\" href=\"http:\/\/clk.tradedoubler.com\/click?p(21)a(2180535)g(17284614)url(http:\/\/)\" target=\"_blank\" rel=\"noopener noreferrer\">Adlibris<\/a><\/strong><\/p>\r\n<p><strong><!-- START ADVERTISER: from tradedoubler.com --><\/strong><\/p>\r\n<p><strong><script type=\"text\/javascript\">\r\nvar uri = 'https:\/\/imp.tradedoubler.com\/imp?type(js)g(25317922)a(2180535)' + new String (Math.random()).substring (2, 11);\r\ndocument.write('<sc'+'ript type=\"text\/javascript\" src=\"'+uri+'\" charset=\"\"><\/sc'+'ript>');\r\n<\/script><\/strong><\/p>\r\n<p><strong><!-- END ADVERTISER: from tradedoubler.com --><\/strong><\/p>\r\n<p><strong>B<\/strong><\/p>\r\n<p><strong><!-- START ADVERTISER: from tradedoubler.com --><\/strong><\/p>\r\n<p><strong><script type=\"text\/javascript\">\r\nvar uri = 'https:\/\/imp.tradedoubler.com\/imp?type(js)g(17349432)a(2180535)' + new String (Math.random()).substring (2, 11);\r\ndocument.write('<sc'+'ript type=\"text\/javascript\" src=\"'+uri+'\" charset=\"\"><span data-mce-type=\"bookmark\" style=\"display: inline-block; width: 0px; overflow: hidden; line-height: 0;\" class=\"mce_SELRES_start\">\ufeff<\/span><\/sc'+'ript>');\r\n<\/script><\/strong><\/p>\r\n<p><strong><!-- END ADVERTISER: from tradedoubler.com --><\/strong><\/p>\r\n<p><strong>C<\/strong><\/p>\r\n<p><strong><a href=\"https:\/\/clk.tradedoubler.com\/click?p=319686&amp;a=2180535&amp;g=25031156\" target=\"_blank\" rel=\"noopener\">Quiksilver<\/a> <img decoding=\"async\" src=\"https:\/\/imp.tradedoubler.com\/imp?type(inv)g(25031156)a(2180535)\" \/><\/strong><\/p>\r\n<p>&nbsp;<\/p>\r\n<p><strong><!-- START ADVERTISER: from tradedoubler.com --><\/strong><\/p>\r\n<p><strong><script type=\"text\/javascript\">\r\nvar uri = 'https:\/\/imp.tradedoubler.com\/imp?type(js)g(16153296)a(2180535)' + new String (Math.random()).substring (2, 11);\r\ndocument.write('<sc'+'ript type=\"text\/javascript\" src=\"'+uri+'\" charset=\"\"><\/sc'+'ript>');\r\n<\/script><\/strong><\/p>\r\n<p><strong><!-- END ADVERTISER: from tradedoubler.com --><\/strong><\/p>\r\n<p><strong>E<\/strong><\/p>\r\n<p><strong><a href=\"http:\/\/&lt;!-- START ADVERTISER: from tradedoubler.com --&gt; &lt;script type=&quot;text\/javascript&quot;&gt; var uri = 'https:\/\/imp.tradedoubler.com\/imp?type(js)g(21791912)a(2180535)' + new String (Math.random()).substring (2, 11); document.write('&lt;sc'+'ript type=&quot;text\/javascript&quot; src=&quot;'+uri+'&quot; charset=&quot;&quot;&gt;&lt;\/sc'+'ript&gt;'); &lt;\/script&gt; &lt;!-- END ADVERTISER: from tradedoubler.com --&gt;\">Euroflorist<\/a><\/strong><\/p>\r\n<p><strong><!-- START ADVERTISER: from tradedoubler.com --><!-- END ADVERTISER: from tradedoubler.com --><\/strong><\/p>\r\n<p><strong>G<\/strong><\/p>\r\n<p><strong><!-- START ADVERTISER: from tradedoubler.com --><\/strong><\/p>\r\n<p><strong><script type=\"text\/javascript\">\r\nvar uri = 'https:\/\/imp.tradedoubler.com\/imp?type(js)g(24578130)a(2180535)' + new String (Math.random()).substring (2, 11);\r\ndocument.write('<sc'+'ript type=\"text\/javascript\" src=\"'+uri+'\" charset=\"\"><\/sc'+'ript>');\r\n<\/script><\/strong><\/p>\r\n<p><strong><!-- END ADVERTISER: from tradedoubler.com --><!-- START ADVERTISER: from tradedoubler.com --><\/strong><\/p>\r\n<p><strong><script type=\"text\/javascript\">\r\nvar uri = 'https:\/\/imp.tradedoubler.com\/imp?type(js)g(25568440)a(2180535)' + new String (Math.random()).substring (2, 11);\r\ndocument.write('<sc'+'ript type=\"text\/javascript\" src=\"'+uri+'\" charset=\"\"><\/sc'+'ript>');\r\n<\/script><\/strong><\/p>\r\n<p><strong>R<\/strong><\/p>\r\n<p><strong><!-- END ADVERTISER: from tradedoubler.com --><\/strong><\/p>\r\n<p><strong><!-- START ADVERTISER: from tradedoubler.com --><\/strong><\/p>\r\n<p><strong><script type=\"text\/javascript\">\r\nvar uri = 'https:\/\/imp.tradedoubler.com\/imp?type(js)g(24890546)a(2180535)' + new String (Math.random()).substring (2, 11);\r\ndocument.write('<sc'+'ript type=\"text\/javascript\" src=\"'+uri+'\" charset=\"\"><\/sc'+'ript>');\r\n<\/script><\/strong><\/p>\r\n<p><strong><!-- END ADVERTISER: from tradedoubler.com --><\/strong><\/p>\r\n<p>&nbsp;<\/p>\r\n<p><strong><a href=\"https:\/\/clk.tradedoubler.com\/click?p=357439&amp;a=2180535&amp;g=25605832\" target=\"_blank\" rel=\"noopener\">Rolfs Flyg och Buss<\/a> <img decoding=\"async\" src=\"https:\/\/imp.tradedoubler.com\/imp?type(inv)g(25605832)a(2180535)\" \/><\/strong><\/p>\r\n<p>&nbsp;<\/p>\r\n<p><strong><!-- START ADVERTISER: from tradedoubler.com --><!-- END ADVERTISER: from tradedoubler.com --><\/strong><\/p>\r\n<p><strong><a href=\"https:\/\/clk.tradedoubler.com\/click?p=357669&amp;a=2180535\" target=\"_blank\" rel=\"noopener\">Reforma<\/a><\/strong><\/p>\r\n<p><strong>S<\/strong><\/p>\r\n<p><strong><!-- START ADVERTISER: from tradedoubler.com --><\/strong><\/p>\r\n<p><strong><script type=\"text\/javascript\">\r\nvar uri = 'https:\/\/imp.tradedoubler.com\/imp?type(js)g(25344874)a(2180535)' + new String (Math.random()).substring (2, 11);\r\ndocument.write('<sc'+'ript type=\"text\/javascript\" src=\"'+uri+'\" charset=\"\"><\/sc'+'ript>');\r\n<\/script><\/strong><\/p>\r\n<p><strong><!-- END ADVERTISER: from tradedoubler.com --><\/strong><\/p>\r\n<p><strong>T<\/strong><\/p>\r\n<p><strong><!-- START ADVERTISER: from tradedoubler.com --><\/strong><\/p>\r\n<p><strong><script type=\"text\/javascript\">\r\nvar uri = 'https:\/\/imp.tradedoubler.com\/imp?type(js)g(18229384)a(2180535)' + new String (Math.random()).substring (2, 11);\r\ndocument.write('<sc'+'ript type=\"text\/javascript\" src=\"'+uri+'\" charset=\"\"><\/sc'+'ript>');\r\n<\/script><\/strong><\/p>\r\n<p><strong><!-- END ADVERTISER: from tradedoubler.com --><\/strong><\/p>\r\n<p><strong>V<\/strong><\/p>\r\n<p><strong><!-- START ADVERTISER: from tradedoubler.com --><\/strong><\/p>\r\n<p><strong><script type=\"text\/javascript\">\r\nvar uri = 'https:\/\/imp.tradedoubler.com\/imp?type(js)g(25388000)a(2180535)' + new String (Math.random()).substring (2, 11);\r\ndocument.write('<sc'+'ript type=\"text\/javascript\" src=\"'+uri+'\" charset=\"\"><\/sc'+'ript>');\r\n<\/script><\/strong><\/p>\r\n<!-- END ADVERTISER: from tradedoubler.com -->\r\n<p><!--more--><\/p>\r\n<p>Du \u00e4r en av v\u00e5ra 3 500 bes\u00f6kare &#8211; allt fler hittar hit f\u00f6r att handla!<\/p>","protected":false},"excerpt":{"rendered":"<p>Letar du efter den perfekta presenten? Happy Day \u00e4r h\u00e4r f\u00f6r att hj\u00e4lpa dig hitta inspirationen, oavsett om det \u00e4r till jul, br\u00f6llop, f\u00f6delsedagar, mor- och farsdag, avtackningar eller n\u00e4r du bara vill ge en spontan g\u00e5va f\u00f6r att visa din uppskattning. Handla enkelt och bekv\u00e4mt online fr\u00e5n v\u00e5ra handplockade &#8230;<\/p>\n","protected":false},"author":1,"featured_media":0,"parent":0,"menu_order":1,"comment_status":"open","ping_status":"open","template":"","meta":{"footnotes":""},"class_list":["post-2","page","type-page","status-publish","hentry","column","twocol"],"_links":{"self":[{"href":"http:\/\/www.happyday.nu\/index.php?rest_route=\/wp\/v2\/pages\/2","targetHints":{"allow":["GET"]}}],"collection":[{"href":"http:\/\/www.happyday.nu\/index.php?rest_route=\/wp\/v2\/pages"}],"about":[{"href":"http:\/\/www.happyday.nu\/index.php?rest_route=\/wp\/v2\/types\/page"}],"author":[{"embeddable":true,"href":"http:\/\/www.happyday.nu\/index.php?rest_route=\/wp\/v2\/users\/1"}],"replies":[{"embeddable":true,"href":"http:\/\/www.happyday.nu\/index.php?rest_route=%2Fwp%2Fv2%2Fcomments&post=2"}],"version-history":[{"count":124,"href":"http:\/\/www.happyday.nu\/index.php?rest_route=\/wp\/v2\/pages\/2\/revisions"}],"predecessor-version":[{"id":1045,"href":"http:\/\/www.happyday.nu\/index.php?rest_route=\/wp\/v2\/pages\/2\/revisions\/1045"}],"wp:attachment":[{"href":"http:\/\/www.happyday.nu\/index.php?rest_route=%2Fwp%2Fv2%2Fmedia&parent=2"}],"curies":[{"name":"wp","href":"https:\/\/api.w.org\/{rel}","templated":true}]}}